{"id":183,"date":"2017-02-24T16:37:08","date_gmt":"2017-02-24T13:37:08","guid":{"rendered":"http:\/\/integritypact.gr\/?page_id=183"},"modified":"2020-09-04T15:25:44","modified_gmt":"2020-09-04T12:25:44","slug":"portugal","status":"publish","type":"page","link":"https:\/\/integritypact.gr\/en\/portugal\/","title":{"rendered":"Portugal"},"content":{"rendered":"<p><\/p>\n<h2 style=\"text-align: left;\">Cultural Heritage<\/h2>\n<p><a href=\"http:\/\/dev.transparencia.pt\/projetos\/pacto-integridade\/\">Restoration of the 11th century church S. Jo\u00e3o de Almedina and renovation of the nearby Machado de Castro National Museum in Coimbra<\/a><br \/>\n<strong>Budget:<\/strong> \u20ac1.000.000<br \/>\n<strong>Independent Monitor:<\/strong> <a href=\"http:\/\/www.transparencia.pt\/\">Transpar\u00eancia e Integridade, Associa\u00e7\u00e3o C\u00edvica (TI Portugal)<\/a><br \/>\n<strong>Contracting Authority:<\/strong> <a href=\"http:\/\/www.patrimoniocultural.gov.pt\/en\/\">Directorate General of Cultural Heritage<\/a><\/p>\n<p><strong>Progress :<\/strong>\u00a0Project Approval<\/p>","protected":false},"excerpt":{"rendered":"<p>Cultural Heritage Restoration of the 11th century church S. Jo\u00e3o de Almedina and renovation of the nearby Machado de Castro National Museum in Coimbra Budget: \u20ac1.000.000 Independent Monitor: Transpar\u00eancia e Integridade, Associa\u00e7\u00e3o C\u00edvica (TI Portugal) Contracting Authority: Directorate General of Cultural Heritage Progress :\u00a0Project Approval<\/p>\n","protected":false},"author":1,"featured_media":0,"parent":0,"menu_order":0,"comment_status":"closed","ping_status":"closed","template":"country.php","meta":[],"acf":[],"_links":{"self":[{"href":"https:\/\/integritypact.gr\/en\/wp-json\/wp\/v2\/pages\/183"}],"collection":[{"href":"https:\/\/integritypact.gr\/en\/wp-json\/wp\/v2\/pages"}],"about":[{"href":"https:\/\/integritypact.gr\/en\/wp-json\/wp\/v2\/types\/page"}],"author":[{"embeddable":true,"href":"https:\/\/integritypact.gr\/en\/wp-json\/wp\/v2\/users\/1"}],"replies":[{"embeddable":true,"href":"https:\/\/integritypact.gr\/en\/wp-json\/wp\/v2\/comments?post=183"}],"version-history":[{"count":17,"href":"https:\/\/integritypact.gr\/en\/wp-json\/wp\/v2\/pages\/183\/revisions"}],"predecessor-version":[{"id":922,"href":"https:\/\/integritypact.gr\/en\/wp-json\/wp\/v2\/pages\/183\/revisions\/922"}],"wp:attachment":[{"href":"https:\/\/integritypact.gr\/en\/wp-json\/wp\/v2\/media?parent=183"}],"curies":[{"name":"wp","href":"https:\/\/api.w.org\/{rel}","templated":true}]}}